{"id":22,"date":"2009-06-02T14:03:51","date_gmt":"2009-06-02T12:03:51","guid":{"rendered":"https:\/\/www.beamer-discount.de\/blog\/?page_id=22"},"modified":"2026-03-24T12:16:55","modified_gmt":"2026-03-24T10:16:55","slug":"uber-uns","status":"publish","type":"page","link":"https:\/\/www.beamer-discount.de\/blog\/uber-uns\/","title":{"rendered":"\u00dcber Uns"},"content":{"rendered":"<p>Der erfolgreichste Onlineshop des Unternehmens unter <a title=\"Beamer-Discount\" href=\"https:\/\/www.beamer-discount.de\" target=\"_blank\" rel=\"noopener\">www.beamer-discount.de<\/a> ging im April 1999 mit 10 Artikeln ins Netz. Im Jahr 2001 z\u00e4hlte der Shop mit mehr als 40 Projektoren verschiedener Hersteller schon zu den besten Adressen im Internet, die sich vor allem durch ein vielf\u00e4ltiges Beratungsangebot einen Namen machte.<br \/>\nDer Shop mit zur Zeit mehr als 300 Beamern und Zubeh\u00f6r geh\u00f6rt heute zu den gr\u00f6\u00dften Onlineshops f\u00fcr Projektoren und zeichnet sich nicht nur durch seine besonders g\u00fcnstigen Angebote aus.<\/p>\n<p>Die Projektor AG \u00fcbernahm den Shop im April 2003 und erweiterte das Onlineangebot mit mehreren Discount-Shops zum Thema Pr\u00e4sentationstechnik und nicht zuletzt dem Beratungsangebot zum Thema Heimkino.<br \/>\nDurch starke Partner und st\u00e4ndige Erweiterung und Verbesserung seines Onlineangebots bietet die Projektor AG als Fachh\u00e4ndler Ihren Kunden die ganze Palette modernster Pr\u00e4sentationstechnik zu Preisen, die nur durch eine effiziente Struktur und gro\u00dfe Abnahmemengen m\u00f6glich sind. Wann z\u00e4hlen Sie zu unseren Kunden?<\/p>\n","protected":false},"excerpt":{"rendered":"<p>Der erfolgreichste Onlineshop des Unternehmens unter www.beamer-discount.de ging im April 1999 mit 10 Artikeln ins Netz. Im Jahr 2001 z\u00e4hlte der Shop mit mehr als 40<span class=\"excerpt-hellip\"> [\u2026]<\/span><\/p>\n","protected":false},"author":10,"featured_media":60,"parent":0,"menu_order":0,"comment_status":"open","ping_status":"open","template":"","meta":[],"yoast_head":"<!-- This site is optimized with the Yoast SEO plugin v16.1.1 - https:\/\/yoast.com\/wordpress\/plugins\/seo\/ -->\n<title>\u00dcber Uns |<\/title>\n<link rel=\"canonical\" href=\"https:\/\/www.beamer-discount.de\/blog\/uber-uns\/\" \/>\n<meta property=\"og:locale\" content=\"de_DE\" \/>\n<meta property=\"og:type\" content=\"article\" \/>\n<meta property=\"og:title\" content=\"\u00dcber Uns |\" \/>\n<meta property=\"og:description\" content=\"Der erfolgreichste Onlineshop des Unternehmens unter www.beamer-discount.de ging im April 1999 mit 10 Artikeln ins Netz. Im Jahr 2001 z\u00e4hlte der Shop mit mehr als 40 [\u2026]\" \/>\n<meta property=\"og:url\" content=\"https:\/\/www.beamer-discount.de\/blog\/uber-uns\/\" \/>\n<meta property=\"og:site_name\" content=\"| Beamer-Discount.de Blog\" \/>\n<meta property=\"article:publisher\" content=\"https:\/\/www.facebook.com\/BeamerDiscount.de\" \/>\n<meta property=\"article:modified_time\" content=\"2026-03-24T10:16:55+00:00\" \/>\n<meta property=\"og:image\" content=\"https:\/\/www.beamer-discount.de\/blog\/wp-content\/uploads\/2009\/06\/villa.jpg\" \/>\n\t<meta property=\"og:image:width\" content=\"190\" \/>\n\t<meta property=\"og:image:height\" content=\"131\" \/>\n<meta name=\"twitter:card\" content=\"summary\" \/>\n<meta name=\"twitter:site\" content=\"@ProjektorAG\" \/>\n<meta name=\"twitter:label1\" content=\"Gesch\u00e4tzte Lesezeit\">\n\t<meta name=\"twitter:data1\" content=\"1 Minute\">\n<script type=\"application\/ld+json\" class=\"yoast-schema-graph\">{\"@context\":\"https:\/\/schema.org\",\"@graph\":[{\"@type\":\"WebSite\",\"@id\":\"https:\/\/www.beamer-discount.de\/blog\/#website\",\"url\":\"https:\/\/www.beamer-discount.de\/blog\/\",\"name\":\"| Beamer-Discount.de Blog\",\"description\":\"Der Blog f\\u00fcr Beamer und Heimkino\",\"potentialAction\":[{\"@type\":\"SearchAction\",\"target\":\"https:\/\/www.beamer-discount.de\/blog\/?s={search_term_string}\",\"query-input\":\"required name=search_term_string\"}],\"inLanguage\":\"de-DE\"},{\"@type\":\"ImageObject\",\"@id\":\"https:\/\/www.beamer-discount.de\/blog\/uber-uns\/#primaryimage\",\"inLanguage\":\"de-DE\",\"url\":\"https:\/\/www.beamer-discount.de\/blog\/wp-content\/uploads\/2009\/06\/villa.jpg\",\"contentUrl\":\"https:\/\/www.beamer-discount.de\/blog\/wp-content\/uploads\/2009\/06\/villa.jpg\",\"width\":190,\"height\":131},{\"@type\":\"WebPage\",\"@id\":\"https:\/\/www.beamer-discount.de\/blog\/uber-uns\/#webpage\",\"url\":\"https:\/\/www.beamer-discount.de\/blog\/uber-uns\/\",\"name\":\"\\u00dcber Uns |\",\"isPartOf\":{\"@id\":\"https:\/\/www.beamer-discount.de\/blog\/#website\"},\"primaryImageOfPage\":{\"@id\":\"https:\/\/www.beamer-discount.de\/blog\/uber-uns\/#primaryimage\"},\"datePublished\":\"2009-06-02T12:03:51+00:00\",\"dateModified\":\"2026-03-24T10:16:55+00:00\",\"breadcrumb\":{\"@id\":\"https:\/\/www.beamer-discount.de\/blog\/uber-uns\/#breadcrumb\"},\"inLanguage\":\"de-DE\",\"potentialAction\":[{\"@type\":\"ReadAction\",\"target\":[\"https:\/\/www.beamer-discount.de\/blog\/uber-uns\/\"]}]},{\"@type\":\"BreadcrumbList\",\"@id\":\"https:\/\/www.beamer-discount.de\/blog\/uber-uns\/#breadcrumb\",\"itemListElement\":[{\"@type\":\"ListItem\",\"position\":1,\"item\":{\"@type\":\"WebPage\",\"@id\":\"https:\/\/www.beamer-discount.de\/blog\/\",\"url\":\"https:\/\/www.beamer-discount.de\/blog\/\",\"name\":\"Startseite\"}},{\"@type\":\"ListItem\",\"position\":2,\"item\":{\"@type\":\"WebPage\",\"@id\":\"https:\/\/www.beamer-discount.de\/blog\/uber-uns\/\",\"url\":\"https:\/\/www.beamer-discount.de\/blog\/uber-uns\/\",\"name\":\"\\u00dcber Uns\"}}]}]}<\/script>\n<!-- \/ Yoast SEO plugin. -->","_links":{"self":[{"href":"https:\/\/www.beamer-discount.de\/blog\/wp-json\/wp\/v2\/pages\/22"}],"collection":[{"href":"https:\/\/www.beamer-discount.de\/blog\/wp-json\/wp\/v2\/pages"}],"about":[{"href":"https:\/\/www.beamer-discount.de\/blog\/wp-json\/wp\/v2\/types\/page"}],"author":[{"embeddable":true,"href":"https:\/\/www.beamer-discount.de\/blog\/wp-json\/wp\/v2\/users\/10"}],"replies":[{"embeddable":true,"href":"https:\/\/www.beamer-discount.de\/blog\/wp-json\/wp\/v2\/comments?post=22"}],"version-history":[{"count":7,"href":"https:\/\/www.beamer-discount.de\/blog\/wp-json\/wp\/v2\/pages\/22\/revisions"}],"predecessor-version":[{"id":5802,"href":"https:\/\/www.beamer-discount.de\/blog\/wp-json\/wp\/v2\/pages\/22\/revisions\/5802"}],"wp:featuredmedia":[{"embeddable":true,"href":"https:\/\/www.beamer-discount.de\/blog\/wp-json\/wp\/v2\/media\/60"}],"wp:attachment":[{"href":"https:\/\/www.beamer-discount.de\/blog\/wp-json\/wp\/v2\/media?parent=22"}],"curies":[{"name":"wp","href":"https:\/\/api.w.org\/{rel}","templated":true}]}}